{"id":5775,"date":"2020-12-08T03:54:25","date_gmt":"2020-12-08T03:54:25","guid":{"rendered":"https:\/\/gaviaspreview.com\/wp\/zilom\/?page_id=27"},"modified":"2024-05-18T17:05:08","modified_gmt":"2024-05-18T17:05:08","slug":"contact","status":"publish","type":"page","link":"https:\/\/emotionalscoaching.com\/en\/contact\/","title":{"rendered":"Contact"},"content":{"rendered":"<div data-elementor-type=\"wp-page\" data-elementor-id=\"5775\" class=\"elementor elementor-5775\">\n\t\t\t\t\t\t<section class=\"elementor-section elementor-top-section elementor-element elementor-element-d6df2ac elementor-section-boxed elementor-section-height-default elementor-section-height-default row-top\" data-id=\"d6df2ac\" data-element_type=\"section\" data-settings=\"{&quot;background_background&quot;:&quot;classic&quot;}\">\n\t\t\t\t\t\t<div class=\"elementor-container elementor-column-gap-default\">\n\t\t\t\t\t<div class=\"elementor-column elementor-col-50 elementor-top-column elementor-element elementor-element-9270986 column-style-top\" data-id=\"9270986\" data-element_type=\"column\">\n\t\t\t<div class=\"elementor-widget-wrap elementor-element-populated\">\n\t\t\t\t\t\t<div class=\"elementor-element elementor-element-d82f427 elementor-view-stacked elementor-position-left elementor-vertical-align-middle elementor-shape-circle elementor-mobile-position-top elementor-widget elementor-widget-icon-box\" data-id=\"d82f427\" data-element_type=\"widget\" data-widget_type=\"icon-box.default\">\n\t\t\t\t<div class=\"elementor-widget-container\">\n\t\t\t\t\t<div class=\"elementor-icon-box-wrapper\">\n\n\t\t\t\t\t\t<div class=\"elementor-icon-box-icon\">\n\t\t\t\t<span  class=\"elementor-icon elementor-animation-\">\n\t\t\t\t<i aria-hidden=\"true\" class=\"flaticon-chat\"><\/i>\t\t\t\t<\/span>\n\t\t\t<\/div>\n\t\t\t\n\t\t\t\t\t\t<div class=\"elementor-icon-box-content\">\n\n\t\t\t\t\t\t\t\t\t<h3 class=\"elementor-icon-box-title\">\n\t\t\t\t\t\t<span  >\n\t\t\t\t\t\t\tHelp Center\t\t\t\t\t\t<\/span>\n\t\t\t\t\t<\/h3>\n\t\t\t\t\n\t\t\t\t\t\t\t\t\t<p class=\"elementor-icon-box-description\">\n\t\t\t\t\t\tCONTACT US\t\t\t\t\t<\/p>\n\t\t\t\t\n\t\t\t<\/div>\n\t\t\t\n\t\t<\/div>\n\t\t\t\t<\/div>\n\t\t\t\t<\/div>\n\t\t\t\t\t<\/div>\n\t\t<\/div>\n\t\t\t\t<div class=\"elementor-column elementor-col-50 elementor-top-column elementor-element elementor-element-d9a1c73 column-style-top\" data-id=\"d9a1c73\" data-element_type=\"column\">\n\t\t\t<div class=\"elementor-widget-wrap elementor-element-populated\">\n\t\t\t\t\t\t<div class=\"elementor-element elementor-element-86cf720 elementor-view-stacked elementor-position-left elementor-vertical-align-middle elementor-shape-circle elementor-mobile-position-top elementor-widget elementor-widget-icon-box\" data-id=\"86cf720\" data-element_type=\"widget\" data-widget_type=\"icon-box.default\">\n\t\t\t\t<div class=\"elementor-widget-container\">\n\t\t\t\t\t<div class=\"elementor-icon-box-wrapper\">\n\n\t\t\t\t\t\t<div class=\"elementor-icon-box-icon\">\n\t\t\t\t<a href=\"mailto:costumers@emotionalscoaching.com\" class=\"elementor-icon elementor-animation-\" tabindex=\"-1\">\n\t\t\t\t<i aria-hidden=\"true\" class=\"flaticon-message\"><\/i>\t\t\t\t<\/a>\n\t\t\t<\/div>\n\t\t\t\n\t\t\t\t\t\t<div class=\"elementor-icon-box-content\">\n\n\t\t\t\t\t\t\t\t\t<h3 class=\"elementor-icon-box-title\">\n\t\t\t\t\t\t<a href=\"mailto:costumers@emotionalscoaching.com\" >\n\t\t\t\t\t\t\tcostumers@emotionalscoaching.com\t\t\t\t\t\t<\/a>\n\t\t\t\t\t<\/h3>\n\t\t\t\t\n\t\t\t\t\t\t\t\t\t<p class=\"elementor-icon-box-description\">\n\t\t\t\t\t\tSEND EMAIL\t\t\t\t\t<\/p>\n\t\t\t\t\n\t\t\t<\/div>\n\t\t\t\n\t\t<\/div>\n\t\t\t\t<\/div>\n\t\t\t\t<\/div>\n\t\t\t\t\t<\/div>\n\t\t<\/div>\n\t\t\t\t\t<\/div>\n\t\t<\/section>\n\t\t\t\t<section class=\"elementor-section elementor-top-section elementor-element elementor-element-4b8d6fcf elementor-section-boxed elementor-section-height-default elementor-section-height-default row-top\" data-id=\"4b8d6fcf\" data-element_type=\"section\" data-settings=\"{&quot;background_background&quot;:&quot;classic&quot;}\">\n\t\t\t\t\t\t<div class=\"elementor-container elementor-column-gap-default\">\n\t\t\t\t\t<div class=\"elementor-column elementor-col-50 elementor-top-column elementor-element elementor-element-3096fdc column-style-top\" data-id=\"3096fdc\" data-element_type=\"column\" data-settings=\"{&quot;background_background&quot;:&quot;classic&quot;}\">\n\t\t\t<div class=\"elementor-widget-wrap elementor-element-populated\">\n\t\t\t\t\t\t<div class=\"elementor-element elementor-element-c9dadec elementor-widget elementor-widget-image\" data-id=\"c9dadec\" data-element_type=\"widget\" data-widget_type=\"image.default\">\n\t\t\t\t<div class=\"elementor-widget-container\">\n\t\t\t\t\t\t\t\t\t\t\t\t\t<img decoding=\"async\" src=\"https:\/\/emotionalscoaching.com\/wp-content\/uploads\/2021\/06\/bg-line-1.png\" title=\"\" alt=\"\" loading=\"lazy\" \/>\t\t\t\t\t\t\t\t\t\t\t\t\t<\/div>\n\t\t\t\t<\/div>\n\t\t\t\t<div class=\"elementor-element elementor-element-4edb267 elementor-widget elementor-widget-gva-heading-block\" data-id=\"4edb267\" data-element_type=\"widget\" data-widget_type=\"gva-heading-block.default\">\n\t\t\t\t<div class=\"elementor-widget-container\">\n\t\t\t<div class=\"gva-element-gva-heading-block gva-element\">   <div class=\"align-center style-1 widget gsc-heading box-align-center auto-responsive\">\r\n      <div class=\"content-inner\">\r\n         \r\n                  \r\n                     <div class=\"sub-title\"><span>Complete the Contact Form<\/span><\/div>\r\n           \r\n         \r\n                     <h2 class=\"title\">\r\n               <span>We Can Help<\/span>\r\n            <\/h2>\r\n                              <div class=\"title-desc\">If you have doubts or curiosity write now!\n<br>For information or assistance with orders <br>Try: Live Chat Help Center\n<br>Need help with an order?\n<br>Do you have difficulty using our site?\n<br>The form is for questions or problems <br>related to customer service.\n<\/div>\r\n         \r\n         \r\n      <\/div>\r\n   <\/div>\r\n<\/div>\t\t<\/div>\n\t\t\t\t<\/div>\n\t\t\t\t\t<\/div>\n\t\t<\/div>\n\t\t\t\t<div class=\"elementor-column elementor-col-50 elementor-top-column elementor-element elementor-element-24a8477 column-style-top\" data-id=\"24a8477\" data-element_type=\"column\" data-settings=\"{&quot;background_background&quot;:&quot;classic&quot;}\">\n\t\t\t<div class=\"elementor-widget-wrap elementor-element-populated\">\n\t\t\t\t\t\t<div class=\"elementor-element elementor-element-47f06985 elementor-widget elementor-widget-shortcode\" data-id=\"47f06985\" data-element_type=\"widget\" data-widget_type=\"shortcode.default\">\n\t\t\t\t<div class=\"elementor-widget-container\">\n\t\t\t\t\t<div class=\"elementor-shortcode\">\n<div class=\"wpcf7 no-js\" id=\"wpcf7-f1923-o1\" lang=\"en-US\" dir=\"ltr\" data-wpcf7-id=\"1923\">\n<div class=\"screen-reader-response\"><p role=\"status\" aria-live=\"polite\" aria-atomic=\"true\"><\/p> <ul><\/ul><\/div>\n<form action=\"\/en\/wp-json\/wp\/v2\/pages\/5775#wpcf7-f1923-o1\" method=\"post\" class=\"wpcf7-form init\" aria-label=\"Contact form\" novalidate=\"novalidate\" data-status=\"init\" data-trp-original-action=\"\/en\/wp-json\/wp\/v2\/pages\/5775#wpcf7-f1923-o1\">\n<fieldset class=\"hidden-fields-container\"><input type=\"hidden\" name=\"_wpcf7\" value=\"1923\" \/><input type=\"hidden\" name=\"_wpcf7_version\" value=\"6.1.1\" \/><input type=\"hidden\" name=\"_wpcf7_locale\" value=\"en_US\" \/><input type=\"hidden\" name=\"_wpcf7_unit_tag\" value=\"wpcf7-f1923-o1\" \/><input type=\"hidden\" name=\"_wpcf7_container_post\" value=\"0\" \/><input type=\"hidden\" name=\"_wpcf7_posted_data_hash\" value=\"\" \/><input type=\"hidden\" name=\"_wpcf7_recaptcha_response\" value=\"\" \/>\n<\/fieldset>\n<div class=\"lakit-row\">\n<div class=\"lakit-col\"><span class=\"wpcf7-form-control-wrap\" data-name=\"your-name\"><input size=\"40\" maxlength=\"400\" class=\"wpcf7-form-control wpcf7-text wpcf7-validates-as-required\" aria-required=\"true\" aria-invalid=\"false\" placeholder=\"Name*\" value=\"\" type=\"text\" name=\"your-name\" \/><\/span><\/div>\n<\/div>\n<div class=\"lakit-row\">\n<div class=\"lakit-col\"><span class=\"wpcf7-form-control-wrap\" data-name=\"your-email\"><input size=\"40\" maxlength=\"400\" class=\"wpcf7-form-control wpcf7-email wpcf7-validates-as-required wpcf7-text wpcf7-validates-as-email\" aria-required=\"true\" aria-invalid=\"false\" placeholder=\"Email*\" value=\"\" type=\"email\" name=\"your-email\" \/><\/span><\/div>\n<\/div>\n<div class=\"lakit-row\">\n<div class=\"lakit-col\"><span class=\"wpcf7-form-control-wrap\" data-name=\"your-phone\"><input size=\"40\" maxlength=\"400\" class=\"wpcf7-form-control wpcf7-tel wpcf7-validates-as-required wpcf7-text wpcf7-validates-as-tel\" aria-required=\"true\" aria-invalid=\"false\" placeholder=\"Telephone Number*\" value=\"\" type=\"tel\" name=\"your-phone\" \/><\/span><\/div>\n<\/div>\n<div class=\"lakit-row\">\n<div class=\"lakit-col\"><span class=\"wpcf7-form-control-wrap\" data-name=\"interested-in\"><select class=\"wpcf7-form-control wpcf7-select wpcf7-validates-as-required\" aria-required=\"true\" aria-invalid=\"false\" name=\"interested-in\"><option value=\"\">Contact us to ?<\/option><option value=\"Ordini\">Orders<\/option><option value=\"Mio Account\">My Account<\/option><option value=\"Assistenza Corsi\">Course Assistance<\/option><option value=\"Altro\">Other<\/option><\/select><\/span><\/div>\n<\/div>\n<div class=\"lakit-row\">\n<div class=\"lakit-col\"><span class=\"wpcf7-form-control-wrap\" data-name=\"numero-ordine\"><input size=\"40\" maxlength=\"400\" class=\"wpcf7-form-control wpcf7-text\" aria-invalid=\"false\" placeholder=\"Order Number\" value=\"\" type=\"text\" name=\"numero-ordine\" \/><\/span><\/div>\n<\/div>\n<div class=\"lakit-row\">\n<div class=\"lakit-col\"><span class=\"wpcf7-form-control-wrap\" data-name=\"your-message\"><textarea cols=\"40\" rows=\"10\" maxlength=\"2000\" class=\"wpcf7-form-control wpcf7-textarea wpcf7-validates-as-required\" aria-required=\"true\" aria-invalid=\"false\" placeholder=\"Message*\" name=\"your-message\"><\/textarea><\/span><\/div>\n<\/div>\n<div class=\"lakit-row\">\n<div class=\"lakit-col\"><input class=\"wpcf7-form-control wpcf7-submit has-spinner\" type=\"submit\" value=\"Send\" \/><\/div>\n<\/div>\n<div class=\"lakit-row\">\n<div class=\"lakit-col\"><\/div>\n<\/div><p style=\"display: none !important;\" class=\"akismet-fields-container\" data-prefix=\"_wpcf7_ak_\"><label>&#916;<textarea name=\"_wpcf7_ak_hp_textarea\" cols=\"45\" rows=\"8\" maxlength=\"100\"><\/textarea><\/label><input type=\"hidden\" id=\"ak_js_1\" name=\"_wpcf7_ak_js\" value=\"228\"\/><script>document.getElementById( \"ak_js_1\" ).setAttribute( \"value\", ( new Date() ).getTime() );<\/script><\/p><div class=\"wpcf7-response-output\" aria-hidden=\"true\"><\/div>\n<input type=\"hidden\" name=\"trp-form-language\" value=\"en\"\/><\/form>\n<\/div>\n<\/div>\n\t\t\t\t<\/div>\n\t\t\t\t<\/div>\n\t\t\t\t<div class=\"elementor-element elementor-element-1cf034a5 elementor-invisible elementor-widget elementor-widget-text-editor\" data-id=\"1cf034a5\" data-element_type=\"widget\" data-settings=\"{&quot;_animation&quot;:&quot;fadeInDown&quot;}\" data-widget_type=\"text-editor.default\">\n\t\t\t\t<div class=\"elementor-widget-container\">\n\t\t\t\t\t\t\tPer assistenza immediata,\ni clienti di emotionalscoaching.com\npossono contattarci via e-mail\nall&#8217;indirizzo <strong><a href=\"mailto:costumers@emotionalscoaching.com\" target=\"_blank\" rel=\"noopener\">costumers@emotionalscoaching.com<\/a> <\/strong>\n<br>o tramite Help Center\t\t\t\t\t\t<\/div>\n\t\t\t\t<\/div>\n\t\t\t\t\t<\/div>\n\t\t<\/div>\n\t\t\t\t\t<\/div>\n\t\t<\/section>\n\t\t\t\t<section class=\"elementor-section elementor-top-section elementor-element elementor-element-f7de26b elementor-section-content-middle elementor-section-full_width elementor-section-height-default elementor-section-height-default row-top\" data-id=\"f7de26b\" data-element_type=\"section\" data-settings=\"{&quot;background_background&quot;:&quot;classic&quot;}\">\n\t\t\t\t\t\t<div class=\"elementor-container elementor-column-gap-default\">\n\t\t\t\t\t<div class=\"elementor-column elementor-col-33 elementor-top-column elementor-element elementor-element-a2c5d63\" data-id=\"a2c5d63\" data-element_type=\"column\" data-settings=\"{&quot;background_background&quot;:&quot;classic&quot;}\">\n\t\t\t<div class=\"elementor-widget-wrap elementor-element-populated\">\n\t\t\t\t\t\t<div class=\"elementor-element elementor-element-264dbee elementor-widget elementor-widget-heading\" data-id=\"264dbee\" data-element_type=\"widget\" data-widget_type=\"heading.default\">\n\t\t\t\t<div class=\"elementor-widget-container\">\n\t\t\t<p class=\"elementor-heading-title elementor-size-default\">Iscriviti alla Newsletter<\/p>\t\t<\/div>\n\t\t\t\t<\/div>\n\t\t\t\t\t<\/div>\n\t\t<\/div>\n\t\t\t\t<div class=\"elementor-column elementor-col-66 elementor-top-column elementor-element elementor-element-bf44927 column-style-top\" data-id=\"bf44927\" data-element_type=\"column\">\n\t\t\t<div class=\"elementor-widget-wrap elementor-element-populated\">\n\t\t\t\t\t\t<div class=\"elementor-element elementor-element-feeda0c elementor-widget elementor-widget-mdp-conformer-elementor\" data-id=\"feeda0c\" data-element_type=\"widget\" data-widget_type=\"mdp-conformer-elementor.default\">\n\t\t\t\t<div class=\"elementor-widget-container\">\n\t\t\t<!-- Start Cfsevenform for Elementor WordPress Plugin -->\n                    <div class=\"mdp-cfsevenform-elementor-box mdp-cfsevenform-elementor-hide-validation mdp-cfsevenform-elementor-hide-labels\">   \n<div class=\"wpcf7 no-js\" id=\"wpcf7-f6231-o2\" lang=\"en-US\" dir=\"ltr\" data-wpcf7-id=\"6231\">\n<div class=\"screen-reader-response\"><p role=\"status\" aria-live=\"polite\" aria-atomic=\"true\"><\/p> <ul><\/ul><\/div>\n<form action=\"\/en\/wp-json\/wp\/v2\/pages\/5775#wpcf7-f6231-o2\" method=\"post\" class=\"wpcf7-form init\" aria-label=\"Contact form\" novalidate=\"novalidate\" data-status=\"init\" data-trp-original-action=\"\/en\/wp-json\/wp\/v2\/pages\/5775#wpcf7-f6231-o2\">\n<fieldset class=\"hidden-fields-container\"><input type=\"hidden\" name=\"_wpcf7\" value=\"6231\" \/><input type=\"hidden\" name=\"_wpcf7_version\" value=\"6.1.1\" \/><input type=\"hidden\" name=\"_wpcf7_locale\" value=\"en_US\" \/><input type=\"hidden\" name=\"_wpcf7_unit_tag\" value=\"wpcf7-f6231-o2\" \/><input type=\"hidden\" name=\"_wpcf7_container_post\" value=\"0\" \/><input type=\"hidden\" name=\"_wpcf7_posted_data_hash\" value=\"\" \/><input type=\"hidden\" name=\"_wpcf7_recaptcha_response\" value=\"\" \/>\n<\/fieldset>\n<div class=\"row\">\n       <div class=\"col-12\"><label>Email<\/label><span class=\"wpcf7-form-control-wrap\" data-name=\"your-email\"><input size=\"40\" maxlength=\"400\" class=\"wpcf7-form-control wpcf7-email wpcf7-validates-as-required wpcf7-text wpcf7-validates-as-email form-control\" aria-required=\"true\" aria-invalid=\"false\" placeholder=\"Inserisci Email\" value=\"\" type=\"email\" name=\"your-email\" \/><\/span><\/div>\n<\/div>  \n<input class=\"wpcf7-form-control wpcf7-submit has-spinner\" type=\"submit\" value=\"Iscriviti\" \/><p style=\"display: none !important;\" class=\"akismet-fields-container\" data-prefix=\"_wpcf7_ak_\"><label>&#916;<textarea name=\"_wpcf7_ak_hp_textarea\" cols=\"45\" rows=\"8\" maxlength=\"100\"><\/textarea><\/label><input type=\"hidden\" id=\"ak_js_2\" name=\"_wpcf7_ak_js\" value=\"126\"\/><script>document.getElementById( \"ak_js_2\" ).setAttribute( \"value\", ( new Date() ).getTime() );<\/script><\/p><div class=\"wpcf7-response-output\" aria-hidden=\"true\"><\/div>\n<input type=\"hidden\" name=\"trp-form-language\" value=\"en\"\/><\/form>\n<\/div>\n<\/div>\n                    <!-- End Cfsevenform for Elementor WordPress Plugin -->\t\t<\/div>\n\t\t\t\t<\/div>\n\t\t\t\t\t<\/div>\n\t\t<\/div>\n\t\t\t\t\t<\/div>\n\t\t<\/section>\n\t\t\t\t<\/div>","protected":false},"excerpt":{"rendered":"<p>Help Center CONTATTACI costumers@emotionalscoaching.com SCRIVICI Compila il Contact Form Possiamo Aiutarti Se hai dubbi o curiosit\u00e0 scrivi ora! Per Informazioni o assistenza su ordini prova: Help Center in Live Chat [&hellip;]<\/p>","protected":false},"author":1,"featured_media":6540,"parent":0,"menu_order":0,"comment_status":"closed","ping_status":"closed","template":"","meta":{"inline_featured_image":false,"footnotes":""},"class_list":["post-5775","page","type-page","status-publish","has-post-thumbnail","hentry"],"yoast_head":"<!-- This site is optimized with the Yoast SEO plugin v25.9 - https:\/\/yoast.com\/wordpress\/plugins\/seo\/ -->\n<title>Video Corsi di Crescita Personale - Emotional Coaching<\/title>\n<meta name=\"description\" content=\"Con i nostri video corsi di Health Coaching e crescita personale, diventerai pi\u00f9 sicuro di te, pi\u00f9 produttivo e avrai pi\u00f9 successo. Scopri Ora!\" \/>\n<meta name=\"robots\" content=\"index, follow, max-snippet:-1, max-image-preview:large, max-video-preview:-1\" \/>\n<link rel=\"canonical\" href=\"https:\/\/emotionalscoaching.com\/en\/contact\/\" \/>\n<meta property=\"og:locale\" content=\"en_GB\" \/>\n<meta property=\"og:type\" content=\"article\" \/>\n<meta property=\"og:title\" content=\"Video Corsi di Crescita Personale - Emotional Coaching\" \/>\n<meta property=\"og:description\" content=\"Con i nostri video corsi di Health Coaching e crescita personale, diventerai pi\u00f9 sicuro di te, pi\u00f9 produttivo e avrai pi\u00f9 successo. Scopri Ora!\" \/>\n<meta property=\"og:url\" content=\"https:\/\/emotionalscoaching.com\/en\/contact\/\" \/>\n<meta property=\"og:site_name\" content=\"EmotionalCoaching\" \/>\n<meta property=\"article:modified_time\" content=\"2024-05-18T17:05:08+00:00\" \/>\n<meta property=\"og:image\" content=\"https:\/\/emotionalscoaching.com\/wp-content\/uploads\/2024\/04\/gradiente-elemento-2.png\" \/>\n\t<meta property=\"og:image:width\" content=\"400\" \/>\n\t<meta property=\"og:image:height\" content=\"360\" \/>\n\t<meta property=\"og:image:type\" content=\"image\/png\" \/>\n<meta name=\"twitter:card\" content=\"summary_large_image\" \/>\n<meta name=\"twitter:label1\" content=\"Estimated reading time\" \/>\n\t<meta name=\"twitter:data1\" content=\"1 minute\" \/>\n<script type=\"application\/ld+json\" class=\"yoast-schema-graph\">{\"@context\":\"https:\/\/schema.org\",\"@graph\":[{\"@type\":\"WebPage\",\"@id\":\"https:\/\/emotionalscoaching.com\/contact\/\",\"url\":\"https:\/\/emotionalscoaching.com\/contact\/\",\"name\":\"Video Corsi di Crescita Personale - Emotional Coaching\",\"isPartOf\":{\"@id\":\"https:\/\/emotionalscoaching.com\/#website\"},\"primaryImageOfPage\":{\"@id\":\"https:\/\/emotionalscoaching.com\/contact\/#primaryimage\"},\"image\":{\"@id\":\"https:\/\/emotionalscoaching.com\/contact\/#primaryimage\"},\"thumbnailUrl\":\"https:\/\/emotionalscoaching.com\/wp-content\/uploads\/2024\/04\/gradiente-elemento-2.png\",\"datePublished\":\"2020-12-08T03:54:25+00:00\",\"dateModified\":\"2024-05-18T17:05:08+00:00\",\"description\":\"Con i nostri video corsi di Health Coaching e crescita personale, diventerai pi\u00f9 sicuro di te, pi\u00f9 produttivo e avrai pi\u00f9 successo. Scopri Ora!\",\"breadcrumb\":{\"@id\":\"https:\/\/emotionalscoaching.com\/contact\/#breadcrumb\"},\"inLanguage\":\"en-GB\",\"potentialAction\":[{\"@type\":\"ReadAction\",\"target\":[\"https:\/\/emotionalscoaching.com\/contact\/\"]}]},{\"@type\":\"ImageObject\",\"inLanguage\":\"en-GB\",\"@id\":\"https:\/\/emotionalscoaching.com\/contact\/#primaryimage\",\"url\":\"https:\/\/emotionalscoaching.com\/wp-content\/uploads\/2024\/04\/gradiente-elemento-2.png\",\"contentUrl\":\"https:\/\/emotionalscoaching.com\/wp-content\/uploads\/2024\/04\/gradiente-elemento-2.png\",\"width\":400,\"height\":360},{\"@type\":\"BreadcrumbList\",\"@id\":\"https:\/\/emotionalscoaching.com\/contact\/#breadcrumb\",\"itemListElement\":[{\"@type\":\"ListItem\",\"position\":1,\"name\":\"Home\",\"item\":\"https:\/\/emotionalscoaching.com\/\"},{\"@type\":\"ListItem\",\"position\":2,\"name\":\"Contact\"}]},{\"@type\":\"WebSite\",\"@id\":\"https:\/\/emotionalscoaching.com\/#website\",\"url\":\"https:\/\/emotionalscoaching.com\/\",\"name\":\"Emotional Coaching\",\"description\":\"Conosci Te stesso\",\"publisher\":{\"@id\":\"https:\/\/emotionalscoaching.com\/#organization\"},\"potentialAction\":[{\"@type\":\"SearchAction\",\"target\":{\"@type\":\"EntryPoint\",\"urlTemplate\":\"https:\/\/emotionalscoaching.com\/?s={search_term_string}\"},\"query-input\":{\"@type\":\"PropertyValueSpecification\",\"valueRequired\":true,\"valueName\":\"search_term_string\"}}],\"inLanguage\":\"en-GB\"},{\"@type\":\"Organization\",\"@id\":\"https:\/\/emotionalscoaching.com\/#organization\",\"name\":\"Emotional Coaching\",\"url\":\"https:\/\/emotionalscoaching.com\/\",\"logo\":{\"@type\":\"ImageObject\",\"inLanguage\":\"en-GB\",\"@id\":\"https:\/\/emotionalscoaching.com\/#\/schema\/logo\/image\/\",\"url\":\"https:\/\/emotionalscoaching.com\/wp-content\/uploads\/2020\/12\/cropped-logogradiente.png\",\"contentUrl\":\"https:\/\/emotionalscoaching.com\/wp-content\/uploads\/2020\/12\/cropped-logogradiente.png\",\"width\":1260,\"height\":363,\"caption\":\"Emotional Coaching\"},\"image\":{\"@id\":\"https:\/\/emotionalscoaching.com\/#\/schema\/logo\/image\/\"}}]}<\/script>\n<!-- \/ Yoast SEO plugin. -->","yoast_head_json":{"title":"Video Corsi di Crescita Personale - Emotional Coaching","description":"Con i nostri video corsi di Health Coaching e crescita personale, diventerai pi\u00f9 sicuro di te, pi\u00f9 produttivo e avrai pi\u00f9 successo. Scopri Ora!","robots":{"index":"index","follow":"follow","max-snippet":"max-snippet:-1","max-image-preview":"max-image-preview:large","max-video-preview":"max-video-preview:-1"},"canonical":"https:\/\/emotionalscoaching.com\/en\/contact\/","og_locale":"en_GB","og_type":"article","og_title":"Video Corsi di Crescita Personale - Emotional Coaching","og_description":"Con i nostri video corsi di Health Coaching e crescita personale, diventerai pi\u00f9 sicuro di te, pi\u00f9 produttivo e avrai pi\u00f9 successo. Scopri Ora!","og_url":"https:\/\/emotionalscoaching.com\/en\/contact\/","og_site_name":"EmotionalCoaching","article_modified_time":"2024-05-18T17:05:08+00:00","og_image":[{"width":400,"height":360,"url":"https:\/\/emotionalscoaching.com\/wp-content\/uploads\/2024\/04\/gradiente-elemento-2.png","type":"image\/png"}],"twitter_card":"summary_large_image","twitter_misc":{"Estimated reading time":"1 minute"},"schema":{"@context":"https:\/\/schema.org","@graph":[{"@type":"WebPage","@id":"https:\/\/emotionalscoaching.com\/contact\/","url":"https:\/\/emotionalscoaching.com\/contact\/","name":"Video Corsi di Crescita Personale - Emotional Coaching","isPartOf":{"@id":"https:\/\/emotionalscoaching.com\/#website"},"primaryImageOfPage":{"@id":"https:\/\/emotionalscoaching.com\/contact\/#primaryimage"},"image":{"@id":"https:\/\/emotionalscoaching.com\/contact\/#primaryimage"},"thumbnailUrl":"https:\/\/emotionalscoaching.com\/wp-content\/uploads\/2024\/04\/gradiente-elemento-2.png","datePublished":"2020-12-08T03:54:25+00:00","dateModified":"2024-05-18T17:05:08+00:00","description":"Con i nostri video corsi di Health Coaching e crescita personale, diventerai pi\u00f9 sicuro di te, pi\u00f9 produttivo e avrai pi\u00f9 successo. Scopri Ora!","breadcrumb":{"@id":"https:\/\/emotionalscoaching.com\/contact\/#breadcrumb"},"inLanguage":"en-GB","potentialAction":[{"@type":"ReadAction","target":["https:\/\/emotionalscoaching.com\/contact\/"]}]},{"@type":"ImageObject","inLanguage":"en-GB","@id":"https:\/\/emotionalscoaching.com\/contact\/#primaryimage","url":"https:\/\/emotionalscoaching.com\/wp-content\/uploads\/2024\/04\/gradiente-elemento-2.png","contentUrl":"https:\/\/emotionalscoaching.com\/wp-content\/uploads\/2024\/04\/gradiente-elemento-2.png","width":400,"height":360},{"@type":"BreadcrumbList","@id":"https:\/\/emotionalscoaching.com\/contact\/#breadcrumb","itemListElement":[{"@type":"ListItem","position":1,"name":"Home","item":"https:\/\/emotionalscoaching.com\/"},{"@type":"ListItem","position":2,"name":"Contact"}]},{"@type":"WebSite","@id":"https:\/\/emotionalscoaching.com\/#website","url":"https:\/\/emotionalscoaching.com\/","name":"Emotional Coaching","description":"Know Yourself","publisher":{"@id":"https:\/\/emotionalscoaching.com\/#organization"},"potentialAction":[{"@type":"SearchAction","target":{"@type":"EntryPoint","urlTemplate":"https:\/\/emotionalscoaching.com\/?s={search_term_string}"},"query-input":{"@type":"PropertyValueSpecification","valueRequired":true,"valueName":"search_term_string"}}],"inLanguage":"en-GB"},{"@type":"Organization","@id":"https:\/\/emotionalscoaching.com\/#organization","name":"Emotional Coaching","url":"https:\/\/emotionalscoaching.com\/","logo":{"@type":"ImageObject","inLanguage":"en-GB","@id":"https:\/\/emotionalscoaching.com\/#\/schema\/logo\/image\/","url":"https:\/\/emotionalscoaching.com\/wp-content\/uploads\/2020\/12\/cropped-logogradiente.png","contentUrl":"https:\/\/emotionalscoaching.com\/wp-content\/uploads\/2020\/12\/cropped-logogradiente.png","width":1260,"height":363,"caption":"Emotional Coaching"},"image":{"@id":"https:\/\/emotionalscoaching.com\/#\/schema\/logo\/image\/"}}]}},"jetpack_sharing_enabled":true,"_links":{"self":[{"href":"https:\/\/emotionalscoaching.com\/en\/wp-json\/wp\/v2\/pages\/5775","targetHints":{"allow":["GET"]}}],"collection":[{"href":"https:\/\/emotionalscoaching.com\/en\/wp-json\/wp\/v2\/pages"}],"about":[{"href":"https:\/\/emotionalscoaching.com\/en\/wp-json\/wp\/v2\/types\/page"}],"author":[{"embeddable":true,"href":"https:\/\/emotionalscoaching.com\/en\/wp-json\/wp\/v2\/users\/1"}],"replies":[{"embeddable":true,"href":"https:\/\/emotionalscoaching.com\/en\/wp-json\/wp\/v2\/comments?post=5775"}],"version-history":[{"count":0,"href":"https:\/\/emotionalscoaching.com\/en\/wp-json\/wp\/v2\/pages\/5775\/revisions"}],"wp:featuredmedia":[{"embeddable":true,"href":"https:\/\/emotionalscoaching.com\/en\/wp-json\/wp\/v2\/media\/6540"}],"wp:attachment":[{"href":"https:\/\/emotionalscoaching.com\/en\/wp-json\/wp\/v2\/media?parent=5775"}],"curies":[{"name":"wp","href":"https:\/\/api.w.org\/{rel}","templated":true}]}}